{"id":106,"date":"2019-12-15T07:42:05","date_gmt":"2019-12-15T07:42:05","guid":{"rendered":"https:\/\/dariuszcybula.pl\/?page_id=106"},"modified":"2025-11-10T19:24:14","modified_gmt":"2025-11-10T19:24:14","slug":"gitara","status":"publish","type":"page","link":"https:\/\/dariuszcybula.pl\/index.php\/gitara\/","title":{"rendered":"Gitara"},"content":{"rendered":"\n<hr class=\"wp-block-separator has-css-opacity is-style-wide\"\/>\n\n\n\n<p>Przede wszystkim polecam <strong><a href=\"https:\/\/spiewnik.wywrota.pl\/\">\u015bpiewnik wywrota -klinij<\/a><\/strong>  najlepiej w wersji <strong><a href=\"https:\/\/play.google.com\/store\/apps\/details?id=pl.wywrota.songbook&amp;gl=PL\">mobilnej na androida &#8211; kliknij<\/a><\/strong><\/p>\n\n\n\n<p><\/p>\n\n\n\n<h2 class=\"wp-block-heading\">Piosenki<\/h2>\n\n\n\n<ul>\n<li><a href=\"http:\/\/dariuszcybula.pl\/gitara\/przy.png\">Przy ognisku<\/a><\/li>\n\n\n\n<li><a href=\"http:\/\/dariuszcybula.pl\/gitara\/alleluja.jpg\">Alleluja<\/a><\/li>\n\n\n\n<li><a href=\"http:\/\/dariuszcybula.pl\/gitara\/pieknie zyc.pdf\">Pi\u0119knie \u017cy\u0107<\/a><\/li>\n\n\n\n<li><a href=\"http:\/\/dariuszcybula.pl\/gitara\/bieszczadzki trakt.jpg\">Bieszczadzki trakt<\/a><\/li>\n\n\n\n<li><a href=\"http:\/\/dariuszcybula.pl\/gitara\/whisky.jpg\">Whisky moja \u017cono<\/a><\/li>\n\n\n\n<li><a href=\"http:\/\/dariuszcybula.pl\/gitara\/majster.jpg\">Majster Bieda<\/a><\/li>\n\n\n\n<li><a href=\"http:\/\/dariuszcybula.pl\/gitara\/biala dama.jpg\">Bia\u0142a dama, sroga zima<\/a><\/li>\n\n\n\n<li><a href=\"http:\/\/dariuszcybula.pl\/gitara\/planeta.jpg\">Moja planeta<\/a><\/li>\n\n\n\n<li><a href=\"http:\/\/dariuszcybula.pl\/gitara\/mury.jpg\">Mury<\/a><\/li>\n\n\n\n<li><a href=\"http:\/\/dariuszcybula.pl\/gitara\/latozkomarami.jpg\">Lato z komarami<\/a><\/li>\n\n\n\n<li><a href=\"http:\/\/dariuszcybula.pl\/gitara\/latozptakamie.jpg\">Lato z ptakami odchodzi<\/a><\/li>\n\n\n\n<li><a href=\"http:\/\/dariuszcybula.pl\/gitara\/jutro.jpg\">Jutro pop\u0142yniemy daleko<\/a><\/li>\n\n\n\n<li><a href=\"http:\/\/dariuszcybula.pl\/gitara\/wiosna.jpg\">Wiosna<\/a><\/li>\n\n\n\n<li><a href=\"http:\/\/dariuszcybula.pl\/gitara\/szkolny dzwonek.jpg\">Szkolny dzwonek<\/a><\/li>\n\n\n\n<li><a href=\"http:\/\/dariuszcybula.pl\/gitara\/rozgrzanie.jpg\">Piosenka na rozgrzanie<\/a><\/li>\n\n\n\n<li><a href=\"http:\/\/dariuszcybula.pl\/gitara\/przechyly2.jpg\">Przechy\u0142y<\/a><\/li>\n<\/ul>\n\n\n\n<h2 class=\"wp-block-heading\">Kol\u0119dy<\/h2>\n\n\n\n<ul>\n<li><a href=\"http:\/\/dariuszcybula.pl\/gitara\/gdy sliczna.jpg\">Gdy \u015bliczna Panna<\/a><\/li>\n\n\n\n<li><a href=\"http:\/\/dariuszcybula.pl\/gitara\/pastuszek.jpg\">Bosy pastuszek<\/a><\/li>\n\n\n\n<li><a href=\"http:\/\/dariuszcybula.pl\/gitara\/pojdzmy.jpg\">P\u00f3jd\u017amy wszyscy do stajenki<\/a><\/li>\n\n\n\n<li><a href=\"http:\/\/dariuszcybula.pl\/gitara\/wsrod.jpg\">W\u015br\u00f3d nocnej ciszy<\/a><\/li>\n<\/ul>\n\n\n\n<hr class=\"wp-block-separator has-css-opacity is-style-wide\"\/>\n","protected":false},"excerpt":{"rendered":"<p>Przede wszystkim polecam \u015bpiewnik wywrota -klinij najlepiej w wersji mobilnej na androida &#8211; kliknij Piosenki Kol\u0119dy<\/p>\n","protected":false},"author":1,"featured_media":3667,"parent":0,"menu_order":0,"comment_status":"closed","ping_status":"closed","template":"","meta":{"footnotes":""},"jetpack_sharing_enabled":true,"_links":{"self":[{"href":"https:\/\/dariuszcybula.pl\/index.php\/wp-json\/wp\/v2\/pages\/106"}],"collection":[{"href":"https:\/\/dariuszcybula.pl\/index.php\/wp-json\/wp\/v2\/pages"}],"about":[{"href":"https:\/\/dariuszcybula.pl\/index.php\/wp-json\/wp\/v2\/types\/page"}],"author":[{"embeddable":true,"href":"https:\/\/dariuszcybula.pl\/index.php\/wp-json\/wp\/v2\/users\/1"}],"replies":[{"embeddable":true,"href":"https:\/\/dariuszcybula.pl\/index.php\/wp-json\/wp\/v2\/comments?post=106"}],"version-history":[{"count":26,"href":"https:\/\/dariuszcybula.pl\/index.php\/wp-json\/wp\/v2\/pages\/106\/revisions"}],"predecessor-version":[{"id":3928,"href":"https:\/\/dariuszcybula.pl\/index.php\/wp-json\/wp\/v2\/pages\/106\/revisions\/3928"}],"wp:featuredmedia":[{"embeddable":true,"href":"https:\/\/dariuszcybula.pl\/index.php\/wp-json\/wp\/v2\/media\/3667"}],"wp:attachment":[{"href":"https:\/\/dariuszcybula.pl\/index.php\/wp-json\/wp\/v2\/media?parent=106"}],"curies":[{"name":"wp","href":"https:\/\/api.w.org\/{rel}","templated":true}]}}